{"id":5624,"date":"2020-12-18T08:15:16","date_gmt":"2020-12-18T08:15:16","guid":{"rendered":"https:\/\/www.edlcreativegroup.com\/?post_type=product&#038;p=5624"},"modified":"2023-03-07T14:03:28","modified_gmt":"2023-03-07T14:03:28","slug":"fuente-cubo-marron","status":"publish","type":"product","link":"https:\/\/www.edlcreativegroup.com\/en\/producto\/fuente-cubo-marron\/","title":{"rendered":"Fuente Cubo Marr\u00f3n"},"content":{"rendered":"","protected":false},"excerpt":{"rendered":"<p>Fuente para el jard\u00edn con forma de cubo color marr\u00f3n, de la serie fiberglass, fuentes aptas tanto para el interior como el exterior gracias a su material de fibra de vidrio reforzada con cemento,que la dota de un buen comportamiento frente a la corrosi\u00f3n y al desgaste en exteriores.<\/p>\n","protected":false},"featured_media":5625,"template":"","meta":{"ngg_post_thumbnail":0,"content-type":""},"acf":[],"_links":{"self":[{"href":"https:\/\/www.edlcreativegroup.com\/en\/wp-json\/wp\/v2\/product\/5624"}],"collection":[{"href":"https:\/\/www.edlcreativegroup.com\/en\/wp-json\/wp\/v2\/product"}],"about":[{"href":"https:\/\/www.edlcreativegroup.com\/en\/wp-json\/wp\/v2\/types\/product"}],"wp:featuredmedia":[{"embeddable":true,"href":"https:\/\/www.edlcreativegroup.com\/en\/wp-json\/wp\/v2\/media\/5625"}],"wp:attachment":[{"href":"https:\/\/www.edlcreativegroup.com\/en\/wp-json\/wp\/v2\/media?parent=5624"}],"curies":[{"name":"wp","href":"https:\/\/api.w.org\/{rel}","templated":true}]}}